{"id":18086,"date":"2023-07-05T12:33:31","date_gmt":"2023-07-05T12:33:31","guid":{"rendered":"https:\/\/challenges.trade.com\/contacte-con-nosotros\/"},"modified":"2024-07-08T12:33:50","modified_gmt":"2024-07-08T12:33:50","slug":"contact-us","status":"publish","type":"page","link":"https:\/\/challenges.trade.com\/es\/contact-us\/","title":{"rendered":"Contacte con nosotros"},"content":{"rendered":"<div class=\"wpb-content-wrapper\"><p>[vc_row woodmart_stretch_content=\u00bbsection-stretch\u00bb css=\u00bb.vc_custom_1708533016274{padding-top: 70px !important;padding-bottom: 0px !important;}\u00bb woodmart_css_id=\u00bb65d6250e02476&#8243; responsive_spacing=\u00bbeyJwYXJhbV90eXBlIjoid29vZG1hcnRfcmVzcG9uc2l2ZV9zcGFjaW5nIiwic2VsZWN0b3JfaWQiOiI2NWQ2MjUwZTAyNDc2Iiwic2hvcnRjb2RlIjoidmNfcm93IiwiZGF0YSI6eyJ0YWJsZXQiOnt9LCJtb2JpbGUiOnsicGFkZGluZy1ib3R0b20iOiIyMHB4In19fQ==\u00bb mobile_bg_img_hidden=\u00bbno\u00bb tablet_bg_img_hidden=\u00bbno\u00bb woodmart_parallax=\u00bb0&#8243; woodmart_gradient_switch=\u00bbno\u00bb woodmart_box_shadow=\u00bbno\u00bb wd_z_index=\u00bbno\u00bb woodmart_disable_overflow=\u00bb0&#8243; row_reverse_mobile=\u00bb0&#8243; row_reverse_tablet=\u00bb0&#8243;][vc_column horizontal_alignment=\u00bbeyJkZXZpY2VzIjp7ImRlc2t0b3AiOnsidmFsdWUiOiJjZW50ZXIifSwidGFibGV0Ijp7InZhbHVlIjoiIn0sIm1vYmlsZSI6eyJ2YWx1ZSI6IiJ9fX0=\u00bb woodmart_css_id=\u00bb6581ba8e2bd10&#8243; parallax_scroll=\u00bbno\u00bb woodmart_sticky_column=\u00bbfalse\u00bb wd_collapsible_content_switcher=\u00bbno\u00bb wd_column_role_offcanvas_desktop=\u00bbno\u00bb wd_column_role_offcanvas_tablet=\u00bbno\u00bb wd_column_role_offcanvas_mobile=\u00bbno\u00bb wd_column_role_content_desktop=\u00bbno\u00bb wd_column_role_content_tablet=\u00bbno\u00bb wd_column_role_content_mobile=\u00bbno\u00bb mobile_bg_img_hidden=\u00bbno\u00bb tablet_bg_img_hidden=\u00bbno\u00bb woodmart_parallax=\u00bb0&#8243; woodmart_box_shadow=\u00bbno\u00bb responsive_spacing=\u00bbeyJwYXJhbV90eXBlIjoid29vZG1hcnRfcmVzcG9uc2l2ZV9zcGFjaW5nIiwic2VsZWN0b3JfaWQiOiI2NTgxYmE4ZTJiZDEwIiwic2hvcnRjb2RlIjoidmNfY29sdW1uIiwiZGF0YSI6eyJ0YWJsZXQiOnt9LCJtb2JpbGUiOnt9fX0=\u00bb mobile_reset_margin=\u00bbno\u00bb tablet_reset_margin=\u00bbno\u00bb wd_z_index=\u00bbno\u00bb]\t\t\t<link rel=\"stylesheet\" id=\"wd-section-title-css\" href=\"https:\/\/challenges.trade.com\/wp-content\/themes\/woodmart\/css\/parts\/el-section-title.min.css?ver=7.5.2\" type=\"text\/css\" media=\"all\" \/> \t\t\t\n\t\t<div id=\"wd-668bdca717937\" class=\"title-wrapper wd-wpb set-mb-s reset-last-child  wd-rs-668bdca717937 wd-title-color-default wd-title-style-default text-center info-box txt-center-mob txt-green vc_custom_1720442014166 wd-width-enabled\" style=\"--wd-max-width: 70%;\">\n\t\t\t\n\t\t\t<div class=\"liner-continer\">\n\t\t\t\t<h2 class=\"woodmart-title-container title  wd-font-weight- wd-fontsize-xxxl\" ><i>Contacte con nosotros<\/i><br \/>\nA s\u00f3lo un mensaje de distancia<\/h2>\n\t\t\t\t\t\t\t<\/div>\n\t\t\t\n\t\t\t\n\t\t\t\n\t\t<\/div>\n\t\t\n\t\t\t\t\t<link rel=\"stylesheet\" id=\"wd-text-block-css\" href=\"https:\/\/challenges.trade.com\/wp-content\/themes\/woodmart\/css\/parts\/el-text-block.min.css?ver=7.5.2\" type=\"text\/css\" media=\"all\" \/> \t\t\t\t\t<div id=\"wd-668bdb13a124a\" class=\"wd-text-block wd-wpb reset-last-child wd-rs-668bdb13a124a text-center wd-width-enabled vc_custom_1720441616384\" style=\"--wd-max-width: 60%;\">\n\t\t\t<p>Estaremos encantados de responder a sus preguntas. Env\u00edenos un correo electr\u00f3nico a <u><a href=\"mailto:challenges@trade.com\">challenges@trade.com<\/a><\/u> o env\u00edenos un mensaje desde el siguiente formulario.<\/p>\n\t\t<\/div>\n\t\t\t\t<div id=\"wd-65f04ab8efd26\" class=\"wd-image wd-wpb wd-rs-65f04ab8efd26 text-center \">\n\t\t\t\t\t\t\t<a href=\"https:\/\/api.whatsapp.com\/send?phone=35799130425\"  target=\"_blank\">\n\t\t\t\n\t\t\t<img loading=\"lazy\" decoding=\"async\"  src=\"https:\/\/challenges.trade.com\/wp-content\/uploads\/2024\/01\/WhatsApp.svg\" title=\"WhatsApp\" width=\"157\" height=\"70\">\n\t\t\t\t\t\t\t<\/a>\n\t\t\t\t\t<\/div>\n\t\t[\/vc_column][\/vc_row][vc_section css=\u00bb.vc_custom_1703154306458{padding-top: 50px !important;padding-bottom: 100px !important;}\u00bb woodmart_css_id=\u00bb6584127bd09d5&#8243; responsive_spacing=\u00bbeyJwYXJhbV90eXBlIjoid29vZG1hcnRfcmVzcG9uc2l2ZV9zcGFjaW5nIiwic2VsZWN0b3JfaWQiOiI2NTg0MTI3YmQwOWQ1Iiwic2hvcnRjb2RlIjoidmNfc2VjdGlvbiIsImRhdGEiOnsidGFibGV0Ijp7InBhZGRpbmctdG9wIjoiMjAifSwibW9iaWxlIjp7fX19&#8243; mobile_bg_img_hidden=\u00bbno\u00bb tablet_bg_img_hidden=\u00bbno\u00bb woodmart_parallax=\u00bb0&#8243; woodmart_gradient_switch=\u00bbno\u00bb woodmart_box_shadow=\u00bbno\u00bb wd_z_index=\u00bbno\u00bb woodmart_disable_overflow=\u00bb0&#8243;][vc_row equal_height=\u00bbyes\u00bb woodmart_css_id=\u00bb658549ff99933&#8243; responsive_spacing=\u00bbeyJwYXJhbV90eXBlIjoid29vZG1hcnRfcmVzcG9uc2l2ZV9zcGFjaW5nIiwic2VsZWN0b3JfaWQiOiI2NTg1NDlmZjk5OTMzIiwic2hvcnRjb2RlIjoidmNfcm93IiwiZGF0YSI6eyJ0YWJsZXQiOnt9LCJtb2JpbGUiOnsibWFyZ2luLXJpZ2h0IjoiMHB4IiwibWFyZ2luLWxlZnQiOiIwcHgifX19&#8243; mobile_bg_img_hidden=\u00bbno\u00bb tablet_bg_img_hidden=\u00bbno\u00bb woodmart_parallax=\u00bb0&#8243; woodmart_gradient_switch=\u00bbno\u00bb woodmart_box_shadow=\u00bbno\u00bb wd_z_index=\u00bbno\u00bb woodmart_disable_overflow=\u00bb0&#8243; row_reverse_mobile=\u00bb0&#8243; row_reverse_tablet=\u00bb0&#8243; css=\u00bb.vc_custom_1703234078473{margin-right: 9% !important;margin-left: 9% !important;padding-right: 15px !important;padding-left: 15px !important;border-radius: 5px !important;}\u00bb][vc_column width=\u00bb5\/12&#8243; offset=\u00bbvc_col-sm-offset-1 vc_hidden-sm vc_hidden-xs\u00bb woodmart_css_id=\u00bb65d6259644532&#8243; parallax_scroll=\u00bbno\u00bb woodmart_sticky_column=\u00bbfalse\u00bb wd_collapsible_content_switcher=\u00bbno\u00bb wd_column_role_offcanvas_desktop=\u00bbno\u00bb wd_column_role_offcanvas_tablet=\u00bbno\u00bb wd_column_role_offcanvas_mobile=\u00bbno\u00bb wd_column_role_content_desktop=\u00bbno\u00bb wd_column_role_content_tablet=\u00bbno\u00bb wd_column_role_content_mobile=\u00bbno\u00bb mobile_bg_img_hidden=\u00bbno\u00bb tablet_bg_img_hidden=\u00bbno\u00bb woodmart_parallax=\u00bb0&#8243; woodmart_box_shadow=\u00bbno\u00bb responsive_spacing=\u00bbeyJwYXJhbV90eXBlIjoid29vZG1hcnRfcmVzcG9uc2l2ZV9zcGFjaW5nIiwic2VsZWN0b3JfaWQiOiI2NWQ2MjU5NjQ0NTMyIiwic2hvcnRjb2RlIjoidmNfY29sdW1uIiwiZGF0YSI6eyJ0YWJsZXQiOnt9LCJtb2JpbGUiOnt9fX0=\u00bb mobile_reset_margin=\u00bbno\u00bb tablet_reset_margin=\u00bbno\u00bb wd_z_index=\u00bbno\u00bb css=\u00bb.vc_custom_1708533186123{margin-right: -5px !important;margin-bottom: 0px !important;padding-bottom: 0px !important;background-color: #ffffff !important;border-radius: 5px !important;}\u00bb]\t\t<div id=\"wd-65d626cb15da7\" class=\"wd-image wd-wpb wd-rs-65d626cb15da7 text-left vc_custom_1708533456081\">\n\t\t\t\n\t\t\t<img loading=\"lazy\" decoding=\"async\" width=\"1338\" height=\"1959\" src=\"https:\/\/challenges.trade.com\/wp-content\/uploads\/2024\/02\/contact-us-section-1-img-1.png\" class=\"attachment-full size-full\" alt=\"\" srcset=\"https:\/\/challenges.trade.com\/wp-content\/uploads\/2024\/02\/contact-us-section-1-img-1.png 1338w, https:\/\/challenges.trade.com\/wp-content\/uploads\/2024\/02\/contact-us-section-1-img-1-205x300.png 205w, https:\/\/challenges.trade.com\/wp-content\/uploads\/2024\/02\/contact-us-section-1-img-1-546x800.png 546w, https:\/\/challenges.trade.com\/wp-content\/uploads\/2024\/02\/contact-us-section-1-img-1-768x1124.png 768w, https:\/\/challenges.trade.com\/wp-content\/uploads\/2024\/02\/contact-us-section-1-img-1-1049x1536.png 1049w\" sizes=\"auto, (max-width: 1338px) 100vw, 1338px\" \/>\n\t\t\t\t\t<\/div>\n\t\t[\/vc_column][vc_column width=\u00bb2\/3&#8243; offset=\u00bbvc_col-md-offset-0 vc_col-md-5 vc_col-sm-offset-2 vc_col-xs-12&#8243; woodmart_css_id=\u00bb65d625308e23a\u00bb parallax_scroll=\u00bbno\u00bb woodmart_sticky_column=\u00bbfalse\u00bb wd_collapsible_content_switcher=\u00bbno\u00bb wd_column_role_offcanvas_desktop=\u00bbno\u00bb wd_column_role_offcanvas_tablet=\u00bbno\u00bb wd_column_role_offcanvas_mobile=\u00bbno\u00bb wd_column_role_content_desktop=\u00bbno\u00bb wd_column_role_content_tablet=\u00bbno\u00bb wd_column_role_content_mobile=\u00bbno\u00bb mobile_bg_img_hidden=\u00bbno\u00bb tablet_bg_img_hidden=\u00bbno\u00bb woodmart_parallax=\u00bb0&#8243; woodmart_box_shadow=\u00bbno\u00bb responsive_spacing=\u00bbeyJwYXJhbV90eXBlIjoid29vZG1hcnRfcmVzcG9uc2l2ZV9zcGFjaW5nIiwic2VsZWN0b3JfaWQiOiI2NWQ2MjUzMDhlMjNhIiwic2hvcnRjb2RlIjoidmNfY29sdW1uIiwiZGF0YSI6eyJ0YWJsZXQiOnsibWFyZ2luLXJpZ2h0IjoiMHB4IiwibWFyZ2luLWxlZnQiOiIwcHgiLCJwYWRkaW5nLXJpZ2h0IjoiNDBweCIsInBhZGRpbmctbGVmdCI6IjQwcHgifSwibW9iaWxlIjp7Im1hcmdpbi1sZWZ0IjoiMHB4IiwicGFkZGluZy1yaWdodCI6IjIwcHgiLCJwYWRkaW5nLWxlZnQiOiIyMHB4In19fQ==\u00bb mobile_reset_margin=\u00bbno\u00bb tablet_reset_margin=\u00bbno\u00bb wd_z_index=\u00bbno\u00bb css=\u00bb.vc_custom_1708533105504{padding-top: 20px !important;padding-right: 40px !important;padding-bottom: 15px !important;padding-left: 0px !important;background-color: #ffffff !important;border-radius: 5px !important;}\u00bb]\t\t\t<link rel=\"stylesheet\" id=\"wd-mod-highlighted-text-css\" href=\"https:\/\/challenges.trade.com\/wp-content\/themes\/woodmart\/css\/parts\/mod-highlighted-text.min.css?ver=7.5.2\" type=\"text\/css\" media=\"all\" \/> \t\t\t\n\t\t<div id=\"wd-65d6266f5b0ae\" class=\"title-wrapper wd-wpb set-mb-s reset-last-child  wd-rs-65d6266f5b0ae wd-title-color-default wd-title-style-default text-left info-box txt-center-mob txt-green vc_custom_1708533407305 wd-underline-colored\">\n\t\t\t\n\t\t\t<div class=\"liner-continer\">\n\t\t\t\t<h4 class=\"woodmart-title-container title  wd-font-weight-700 wd-fontsize-xxxl\" >Hablemos<\/h4>\n\t\t\t\t\t\t\t<\/div>\n\t\t\t\n\t\t\t\t\t\t\t<div class=\"title-after_title  set-cont-mb-s reset-last-child  wd-fontsize-s\">D\u00edganos c\u00f3mo podemos ayudarle. Rellene su consulta y atenderemos r\u00e1pidamente sus dudas.<\/div>\n\t\t\t\n\t\t\t\n\t\t<\/div>\n\t\t\n\t\t\n<div class=\"wpcf7 no-js\" id=\"wpcf7-f18184-o1\" lang=\"es-ES\" dir=\"ltr\" data-wpcf7-id=\"18184\">\n<div class=\"screen-reader-response\"><p role=\"status\" aria-live=\"polite\" aria-atomic=\"true\"><\/p> <ul><\/ul><\/div>\n<form action=\"\/es\/wp-json\/wp\/v2\/pages\/18086#wpcf7-f18184-o1\" method=\"post\" class=\"wpcf7-form init\" aria-label=\"Formulario de contacto\" novalidate=\"novalidate\" data-status=\"init\">\n<fieldset class=\"hidden-fields-container\"><input type=\"hidden\" name=\"_wpcf7\" value=\"18184\" \/><input type=\"hidden\" name=\"_wpcf7_version\" value=\"6.1.4\" \/><input type=\"hidden\" name=\"_wpcf7_locale\" value=\"es_ES\" \/><input type=\"hidden\" name=\"_wpcf7_unit_tag\" value=\"wpcf7-f18184-o1\" \/><input type=\"hidden\" name=\"_wpcf7_container_post\" value=\"0\" \/><input type=\"hidden\" name=\"_wpcf7_posted_data_hash\" value=\"\" \/>\n<\/fieldset>\n<div>\n\t<p><span class=\"wpcf7-form-control-wrap\" data-name=\"your-name\"><input size=\"40\" maxlength=\"400\" class=\"wpcf7-form-control wpcf7-text wpcf7-validates-as-required\" autocomplete=\"name\" aria-required=\"true\" aria-invalid=\"false\" placeholder=\"Your name\" value=\"\" type=\"text\" name=\"your-name\" \/><\/span>\n\t<\/p>\n<\/div>\n<div>\n\t<p><span class=\"wpcf7-form-control-wrap\" data-name=\"your-email\"><input size=\"40\" maxlength=\"400\" class=\"wpcf7-form-control wpcf7-email wpcf7-validates-as-required wpcf7-text wpcf7-validates-as-email\" autocomplete=\"email\" aria-required=\"true\" aria-invalid=\"false\" placeholder=\"Your email\" value=\"\" type=\"email\" name=\"your-email\" \/><\/span>\n\t<\/p>\n<\/div>\n<div>\n\t<p><span class=\"wpcf7-form-control-wrap\" data-name=\"your-subject\"><input size=\"40\" maxlength=\"400\" class=\"wpcf7-form-control wpcf7-text wpcf7-validates-as-required\" aria-required=\"true\" aria-invalid=\"false\" placeholder=\"Subject\" value=\"\" type=\"text\" name=\"your-subject\" \/><\/span>\n\t<\/p>\n<\/div>\n<div>\n\t<p><span class=\"wpcf7-form-control-wrap\" data-name=\"your-message\"><textarea cols=\"40\" rows=\"10\" maxlength=\"2000\" class=\"wpcf7-form-control wpcf7-textarea wpcf7-validates-as-required\" aria-required=\"true\" aria-invalid=\"false\" name=\"your-message\">Your message<\/textarea><\/span>\n\t<\/p>\n<\/div>\n<p><input class=\"wpcf7-form-control wpcf7-submit has-spinner btn btn-color-alt btn-style-default btn-style-semi-round btn-size-large btn-full-width\" type=\"submit\" value=\"Submit\" \/>\n<\/p><div class=\"wpcf7-response-output\" aria-hidden=\"true\"><\/div>\n<\/form>\n<\/div>\n[\/vc_column][\/vc_row][\/vc_section]<\/p>\n<\/div>","protected":false},"excerpt":{"rendered":"<p>[vc_row woodmart_stretch_content=\u00bbsection-stretch\u00bb css=\u00bb.vc_custom_1708533016274{padding-top: 70px !important;padding-bottom: 0px !important;}\u00bb woodmart_css_id=\u00bb65d6250e02476&#8243; responsive_spacing=\u00bbeyJwYXJhbV90eXBlIjoid29vZG1hcnRfcmVzcG9uc2l2ZV9zcGFjaW5nIiwic2VsZWN0b3JfaWQiOiI2NWQ2MjUwZTAyNDc2Iiwic2hvcnRjb2RlIjoidmNfcm93IiwiZGF0YSI6eyJ0YWJsZXQiOnt9LCJtb2JpbGUiOnsicGFkZGluZy1ib3R0b20iOiIyMHB4In19fQ==\u00bb mobile_bg_img_hidden=\u00bbno\u00bb tablet_bg_img_hidden=\u00bbno\u00bb woodmart_parallax=\u00bb0&#8243; woodmart_gradient_switch=\u00bbno\u00bb woodmart_box_shadow=\u00bbno\u00bb wd_z_index=\u00bbno\u00bb woodmart_disable_overflow=\u00bb0&#8243; row_reverse_mobile=\u00bb0&#8243; row_reverse_tablet=\u00bb0&#8243;][vc_column horizontal_alignment=\u00bbeyJkZXZpY2VzIjp7ImRlc2t0b3AiOnsidmFsdWUiOiJjZW50ZXIifSwidGFibGV0Ijp7InZhbHVlIjoiIn0sIm1vYmlsZSI6eyJ2YWx1ZSI6IiJ9fX0=\u00bb woodmart_css_id=\u00bb6581ba8e2bd10&#8243;<\/p>\n","protected":false},"author":8,"featured_media":0,"parent":0,"menu_order":0,"comment_status":"closed","ping_status":"closed","template":"","meta":{"footnotes":""},"class_list":["post-18086","page","type-page","status-publish","hentry"],"_links":{"self":[{"href":"https:\/\/challenges.trade.com\/es\/wp-json\/wp\/v2\/pages\/18086","targetHints":{"allow":["GET"]}}],"collection":[{"href":"https:\/\/challenges.trade.com\/es\/wp-json\/wp\/v2\/pages"}],"about":[{"href":"https:\/\/challenges.trade.com\/es\/wp-json\/wp\/v2\/types\/page"}],"author":[{"embeddable":true,"href":"https:\/\/challenges.trade.com\/es\/wp-json\/wp\/v2\/users\/8"}],"replies":[{"embeddable":true,"href":"https:\/\/challenges.trade.com\/es\/wp-json\/wp\/v2\/comments?post=18086"}],"version-history":[{"count":0,"href":"https:\/\/challenges.trade.com\/es\/wp-json\/wp\/v2\/pages\/18086\/revisions"}],"wp:attachment":[{"href":"https:\/\/challenges.trade.com\/es\/wp-json\/wp\/v2\/media?parent=18086"}],"curies":[{"name":"wp","href":"https:\/\/api.w.org\/{rel}","templated":true}]}}