{"id":22252,"date":"2024-02-23T12:43:43","date_gmt":"2024-02-23T12:43:43","guid":{"rendered":"https:\/\/challenges.trade.com\/affilies\/"},"modified":"2024-04-15T14:17:45","modified_gmt":"2024-04-15T14:17:45","slug":"affiliates","status":"publish","type":"page","link":"https:\/\/challenges.trade.com\/fr\/affiliates\/","title":{"rendered":"Affili\u00e9s"},"content":{"rendered":"<div class=\"wpb-content-wrapper\"><p>[vc_row woodmart_stretch_content=\u00a0\u00bbsection-stretch\u00a0\u00bb css=\u00a0\u00bb.vc_custom_1708533016274{padding-top: 70px !important;padding-bottom: 0px !important;}\u00a0\u00bb woodmart_css_id=\u00a0\u00bb65d6250e02476&Prime; responsive_spacing=\u00a0\u00bbeyJwYXJhbV90eXBlIjoid29vZG1hcnRfcmVzcG9uc2l2ZV9zcGFjaW5nIiwic2VsZWN0b3JfaWQiOiI2NWQ2MjUwZTAyNDc2Iiwic2hvcnRjb2RlIjoidmNfcm93IiwiZGF0YSI6eyJ0YWJsZXQiOnt9LCJtb2JpbGUiOnsicGFkZGluZy1ib3R0b20iOiIyMHB4In19fQ==\u00a0\u00bb mobile_bg_img_hidden=\u00a0\u00bbno\u00a0\u00bb tablet_bg_img_hidden=\u00a0\u00bbno\u00a0\u00bb woodmart_parallax=\u00a0\u00bb0&Prime; woodmart_gradient_switch=\u00a0\u00bbno\u00a0\u00bb woodmart_box_shadow=\u00a0\u00bbno\u00a0\u00bb wd_z_index=\u00a0\u00bbno\u00a0\u00bb woodmart_disable_overflow=\u00a0\u00bb0&Prime; row_reverse_mobile=\u00a0\u00bb0&Prime; row_reverse_tablet=\u00a0\u00bb0&Prime;][vc_column horizontal_alignment=\u00a0\u00bbeyJkZXZpY2VzIjp7ImRlc2t0b3AiOnsidmFsdWUiOiJjZW50ZXIifSwidGFibGV0Ijp7InZhbHVlIjoiIn0sIm1vYmlsZSI6eyJ2YWx1ZSI6IiJ9fX0=\u00a0\u00bb woodmart_css_id=\u00a0\u00bb6581ba8e2bd10&Prime; parallax_scroll=\u00a0\u00bbno\u00a0\u00bb woodmart_sticky_column=\u00a0\u00bbfalse\u00a0\u00bb wd_collapsible_content_switcher=\u00a0\u00bbno\u00a0\u00bb wd_column_role_offcanvas_desktop=\u00a0\u00bbno\u00a0\u00bb wd_column_role_offcanvas_tablet=\u00a0\u00bbno\u00a0\u00bb wd_column_role_offcanvas_mobile=\u00a0\u00bbno\u00a0\u00bb wd_column_role_content_desktop=\u00a0\u00bbno\u00a0\u00bb wd_column_role_content_tablet=\u00a0\u00bbno\u00a0\u00bb wd_column_role_content_mobile=\u00a0\u00bbno\u00a0\u00bb mobile_bg_img_hidden=\u00a0\u00bbno\u00a0\u00bb tablet_bg_img_hidden=\u00a0\u00bbno\u00a0\u00bb woodmart_parallax=\u00a0\u00bb0&Prime; woodmart_box_shadow=\u00a0\u00bbno\u00a0\u00bb responsive_spacing=\u00a0\u00bbeyJwYXJhbV90eXBlIjoid29vZG1hcnRfcmVzcG9uc2l2ZV9zcGFjaW5nIiwic2VsZWN0b3JfaWQiOiI2NTgxYmE4ZTJiZDEwIiwic2hvcnRjb2RlIjoidmNfY29sdW1uIiwiZGF0YSI6eyJ0YWJsZXQiOnt9LCJtb2JpbGUiOnt9fX0=\u00a0\u00bb mobile_reset_margin=\u00a0\u00bbno\u00a0\u00bb tablet_reset_margin=\u00a0\u00bbno\u00a0\u00bb wd_z_index=\u00a0\u00bbno\u00a0\u00bb]\t\t\t<link rel=\"stylesheet\" id=\"wd-section-title-css\" href=\"https:\/\/challenges.trade.com\/wp-content\/themes\/woodmart\/css\/parts\/el-section-title.min.css?ver=7.5.2\" type=\"text\/css\" media=\"all\" \/> \t\t\t\n\t\t<div id=\"wd-661d370378add\" class=\"title-wrapper wd-wpb set-mb-s reset-last-child  wd-rs-661d370378add wd-title-color-default wd-title-style-default text-center info-box txt-center-mob txt-green vc_custom_1713190648653 wd-width-enabled\" style=\"--wd-max-width: 60%;\">\n\t\t\t\n\t\t\t<div class=\"liner-continer\">\n\t\t\t\t<h2 class=\"woodmart-title-container title  wd-font-weight- wd-fontsize-xxxl\" ><i>Programme d'affiliation<\/i><br \/>\nD\u00e9bloquer le potentiel de gain<\/h2>\n\t\t\t\t\t\t\t<\/div>\n\t\t\t\n\t\t\t\t\t\t\t<div class=\"title-after_title  set-cont-mb-s reset-last-child  wd-fontsize-s\">Donnez \u00e0 votre public les moyens d'agir gr\u00e2ce \u00e0 des techniques de pointe en mati\u00e8re de n\u00e9gociation. Devenez notre partenaire en tant qu'affili\u00e9 et transformez votre r\u00e9seau en une opportunit\u00e9 lucrative de croissance financi\u00e8re.<\/div>\n\t\t\t\n\t\t\t\n\t\t<\/div>\n\t\t\n\t\t\t\t<div id=\"wd-65d75df013224\" class=\"wd-image wd-wpb wd-rs-65d75df013224 hidden-lg hidden-md hidden-sm hidden-xs text-center \">\n\t\t\t\t\t\t\t<a href=\"#\" >\n\t\t\t\n\t\t\t<img loading=\"lazy\" decoding=\"async\"  src=\"https:\/\/challenges.trade.com\/wp-content\/uploads\/2024\/01\/WhatsApp.svg\" title=\"WhatsApp\" width=\"157\" height=\"70\">\n\t\t\t\t\t\t\t<\/a>\n\t\t\t\t\t<\/div>\n\t\t[\/vc_column][\/vc_row][vc_section css=\u00a0\u00bb.vc_custom_1703154306458{padding-top: 50px !important;padding-bottom: 100px !important;}\u00a0\u00bb woodmart_css_id=\u00a0\u00bb6584127bd09d5&Prime; responsive_spacing=\u00a0\u00bbeyJwYXJhbV90eXBlIjoid29vZG1hcnRfcmVzcG9uc2l2ZV9zcGFjaW5nIiwic2VsZWN0b3JfaWQiOiI2NTg0MTI3YmQwOWQ1Iiwic2hvcnRjb2RlIjoidmNfc2VjdGlvbiIsImRhdGEiOnsidGFibGV0Ijp7InBhZGRpbmctdG9wIjoiMjAifSwibW9iaWxlIjp7fX19&Prime; mobile_bg_img_hidden=\u00a0\u00bbno\u00a0\u00bb tablet_bg_img_hidden=\u00a0\u00bbno\u00a0\u00bb woodmart_parallax=\u00a0\u00bb0&Prime; woodmart_gradient_switch=\u00a0\u00bbno\u00a0\u00bb woodmart_box_shadow=\u00a0\u00bbno\u00a0\u00bb wd_z_index=\u00a0\u00bbno\u00a0\u00bb woodmart_disable_overflow=\u00a0\u00bb0&Prime;][vc_row equal_height=\u00a0\u00bbyes\u00a0\u00bb woodmart_css_id=\u00a0\u00bb658549ff99933&Prime; responsive_spacing=\u00a0\u00bbeyJwYXJhbV90eXBlIjoid29vZG1hcnRfcmVzcG9uc2l2ZV9zcGFjaW5nIiwic2VsZWN0b3JfaWQiOiI2NTg1NDlmZjk5OTMzIiwic2hvcnRjb2RlIjoidmNfcm93IiwiZGF0YSI6eyJ0YWJsZXQiOnt9LCJtb2JpbGUiOnsibWFyZ2luLXJpZ2h0IjoiMHB4IiwibWFyZ2luLWxlZnQiOiIwcHgifX19&Prime; mobile_bg_img_hidden=\u00a0\u00bbno\u00a0\u00bb tablet_bg_img_hidden=\u00a0\u00bbno\u00a0\u00bb woodmart_parallax=\u00a0\u00bb0&Prime; woodmart_gradient_switch=\u00a0\u00bbno\u00a0\u00bb woodmart_box_shadow=\u00a0\u00bbno\u00a0\u00bb wd_z_index=\u00a0\u00bbno\u00a0\u00bb woodmart_disable_overflow=\u00a0\u00bb0&Prime; row_reverse_mobile=\u00a0\u00bb0&Prime; row_reverse_tablet=\u00a0\u00bb0&Prime; css=\u00a0\u00bb.vc_custom_1703234078473{margin-right: 9% !important;margin-left: 9% !important;padding-right: 15px !important;padding-left: 15px !important;border-radius: 5px !important;}\u00a0\u00bb][vc_column width=\u00a0\u00bb5\/12&Prime; offset=\u00a0\u00bbvc_col-sm-offset-1 vc_hidden-sm vc_hidden-xs\u00a0\u00bb woodmart_css_id=\u00a0\u00bb65d6259644532&Prime; parallax_scroll=\u00a0\u00bbno\u00a0\u00bb woodmart_sticky_column=\u00a0\u00bbfalse\u00a0\u00bb wd_collapsible_content_switcher=\u00a0\u00bbno\u00a0\u00bb wd_column_role_offcanvas_desktop=\u00a0\u00bbno\u00a0\u00bb wd_column_role_offcanvas_tablet=\u00a0\u00bbno\u00a0\u00bb wd_column_role_offcanvas_mobile=\u00a0\u00bbno\u00a0\u00bb wd_column_role_content_desktop=\u00a0\u00bbno\u00a0\u00bb wd_column_role_content_tablet=\u00a0\u00bbno\u00a0\u00bb wd_column_role_content_mobile=\u00a0\u00bbno\u00a0\u00bb mobile_bg_img_hidden=\u00a0\u00bbno\u00a0\u00bb tablet_bg_img_hidden=\u00a0\u00bbno\u00a0\u00bb woodmart_parallax=\u00a0\u00bb0&Prime; woodmart_box_shadow=\u00a0\u00bbno\u00a0\u00bb responsive_spacing=\u00a0\u00bbeyJwYXJhbV90eXBlIjoid29vZG1hcnRfcmVzcG9uc2l2ZV9zcGFjaW5nIiwic2VsZWN0b3JfaWQiOiI2NWQ2MjU5NjQ0NTMyIiwic2hvcnRjb2RlIjoidmNfY29sdW1uIiwiZGF0YSI6eyJ0YWJsZXQiOnt9LCJtb2JpbGUiOnt9fX0=\u00a0\u00bb mobile_reset_margin=\u00a0\u00bbno\u00a0\u00bb tablet_reset_margin=\u00a0\u00bbno\u00a0\u00bb wd_z_index=\u00a0\u00bbno\u00a0\u00bb css=\u00a0\u00bb.vc_custom_1708533186123{margin-right: -5px !important;margin-bottom: 0px !important;padding-bottom: 0px !important;background-color: #ffffff !important;border-radius: 5px !important;}\u00a0\u00bb]\t\t<div id=\"wd-65d8b1c68ff0a\" class=\"wd-image wd-wpb wd-rs-65d8b1c68ff0a text-left vc_custom_1708700178270\">\n\t\t\t\n\t\t\t<img loading=\"lazy\" decoding=\"async\" width=\"424\" height=\"390\" src=\"https:\/\/challenges.trade.com\/wp-content\/uploads\/2024\/02\/Mask-group.png\" class=\"attachment-full size-full\" alt=\"\" srcset=\"https:\/\/challenges.trade.com\/wp-content\/uploads\/2024\/02\/Mask-group.png 424w, https:\/\/challenges.trade.com\/wp-content\/uploads\/2024\/02\/Mask-group-326x300.png 326w\" sizes=\"auto, (max-width: 424px) 100vw, 424px\" \/>\n\t\t\t\t\t<\/div>\n\t\t[\/vc_column][vc_column width=\u00a0\u00bb2\/3&Prime; offset=\u00a0\u00bbvc_col-md-offset-0 vc_col-md-5 vc_col-sm-offset-2 vc_col-xs-12&Prime; woodmart_css_id=\u00a0\u00bb65d625308e23a\u00a0\u00bb parallax_scroll=\u00a0\u00bbno\u00a0\u00bb woodmart_sticky_column=\u00a0\u00bbfalse\u00a0\u00bb wd_collapsible_content_switcher=\u00a0\u00bbno\u00a0\u00bb wd_column_role_offcanvas_desktop=\u00a0\u00bbno\u00a0\u00bb wd_column_role_offcanvas_tablet=\u00a0\u00bbno\u00a0\u00bb wd_column_role_offcanvas_mobile=\u00a0\u00bbno\u00a0\u00bb wd_column_role_content_desktop=\u00a0\u00bbno\u00a0\u00bb wd_column_role_content_tablet=\u00a0\u00bbno\u00a0\u00bb wd_column_role_content_mobile=\u00a0\u00bbno\u00a0\u00bb mobile_bg_img_hidden=\u00a0\u00bbno\u00a0\u00bb tablet_bg_img_hidden=\u00a0\u00bbno\u00a0\u00bb woodmart_parallax=\u00a0\u00bb0&Prime; woodmart_box_shadow=\u00a0\u00bbno\u00a0\u00bb responsive_spacing=\u00a0\u00bbeyJwYXJhbV90eXBlIjoid29vZG1hcnRfcmVzcG9uc2l2ZV9zcGFjaW5nIiwic2VsZWN0b3JfaWQiOiI2NWQ2MjUzMDhlMjNhIiwic2hvcnRjb2RlIjoidmNfY29sdW1uIiwiZGF0YSI6eyJ0YWJsZXQiOnsibWFyZ2luLXJpZ2h0IjoiMHB4IiwibWFyZ2luLWxlZnQiOiIwcHgiLCJwYWRkaW5nLXJpZ2h0IjoiNDBweCIsInBhZGRpbmctbGVmdCI6IjQwcHgifSwibW9iaWxlIjp7Im1hcmdpbi1sZWZ0IjoiMHB4IiwicGFkZGluZy1yaWdodCI6IjIwcHgiLCJwYWRkaW5nLWxlZnQiOiIyMHB4In19fQ==\u00a0\u00bb mobile_reset_margin=\u00a0\u00bbno\u00a0\u00bb tablet_reset_margin=\u00a0\u00bbno\u00a0\u00bb wd_z_index=\u00a0\u00bbno\u00a0\u00bb css=\u00a0\u00bb.vc_custom_1708533105504{padding-top: 20px !important;padding-right: 40px !important;padding-bottom: 15px !important;padding-left: 0px !important;background-color: #ffffff !important;border-radius: 5px !important;}\u00a0\u00bb]\t\t\t<link rel=\"stylesheet\" id=\"wd-mod-highlighted-text-css\" href=\"https:\/\/challenges.trade.com\/wp-content\/themes\/woodmart\/css\/parts\/mod-highlighted-text.min.css?ver=7.5.2\" type=\"text\/css\" media=\"all\" \/> \t\t\t\n\t\t<div id=\"wd-65d89ea25e151\" class=\"title-wrapper wd-wpb set-mb-s reset-last-child  wd-rs-65d89ea25e151 wd-title-color-default wd-title-style-default text-left info-box txt-center-mob txt-green vc_custom_1708695361304 wd-underline-colored\">\n\t\t\t\n\t\t\t<div class=\"liner-continer\">\n\t\t\t\t<h4 class=\"woodmart-title-container title  wd-font-weight-700 wd-fontsize-xxxl\" >Parlons-en<\/h4>\n\t\t\t\t\t\t\t<\/div>\n\t\t\t\n\t\t\t\t\t\t\t<div class=\"title-after_title  set-cont-mb-s reset-last-child  wd-fontsize-s\">Cette opportunit\u00e9 vous int\u00e9resse ? Remplissez le formulaire ci-dessous et nous vous contacterons pour vous donner plus de d\u00e9tails.<\/div>\n\t\t\t\n\t\t\t\n\t\t<\/div>\n\t\t\n\t\t\n<div class=\"wpcf7 no-js\" id=\"wpcf7-f22398-o1\" lang=\"fr-FR\" dir=\"ltr\" data-wpcf7-id=\"22398\">\n<div class=\"screen-reader-response\"><p role=\"status\" aria-live=\"polite\" aria-atomic=\"true\"><\/p> <ul><\/ul><\/div>\n<form action=\"\/fr\/wp-json\/wp\/v2\/pages\/22252#wpcf7-f22398-o1\" method=\"post\" class=\"wpcf7-form init\" aria-label=\"Formulaire de contact\" novalidate=\"novalidate\" data-status=\"init\">\n<fieldset class=\"hidden-fields-container\"><input type=\"hidden\" name=\"_wpcf7\" value=\"22398\" \/><input type=\"hidden\" name=\"_wpcf7_version\" value=\"6.1.4\" \/><input type=\"hidden\" name=\"_wpcf7_locale\" value=\"fr_FR\" \/><input type=\"hidden\" name=\"_wpcf7_unit_tag\" value=\"wpcf7-f22398-o1\" \/><input type=\"hidden\" name=\"_wpcf7_container_post\" value=\"0\" \/><input type=\"hidden\" name=\"_wpcf7_posted_data_hash\" value=\"\" \/>\n<\/fieldset>\n<div>\n\t<p><span class=\"wpcf7-form-control-wrap\" data-name=\"your_name\"><input size=\"40\" maxlength=\"400\" class=\"wpcf7-form-control wpcf7-text wpcf7-validates-as-required\" autocomplete=\"name\" aria-required=\"true\" aria-invalid=\"false\" placeholder=\"Nom complet\" value=\"\" type=\"text\" name=\"your_name\" \/><\/span>\n\t<\/p>\n<\/div>\n<div>\n\t<p><span class=\"wpcf7-form-control-wrap\" data-name=\"contact_name\"><input size=\"40\" maxlength=\"400\" class=\"wpcf7-form-control wpcf7-text wpcf7-validates-as-required\" autocomplete=\"contactname\" aria-required=\"true\" aria-invalid=\"false\" placeholder=\"Nom du contact\" value=\"\" type=\"text\" name=\"contact_name\" \/><\/span>\n\t<\/p>\n<\/div>\n<div>\n\t<p><span class=\"wpcf7-form-control-wrap\" data-name=\"your_email\"><input size=\"40\" maxlength=\"400\" class=\"wpcf7-form-control wpcf7-email wpcf7-validates-as-required wpcf7-text wpcf7-validates-as-email\" autocomplete=\"email\" aria-required=\"true\" aria-invalid=\"false\" placeholder=\"Courriel\" value=\"\" type=\"email\" name=\"your_email\" \/><\/span>\n\t<\/p>\n<\/div>\n<div>\n\t<p><span class=\"wpcf7-form-control-wrap\" data-name=\"your_number\"><input size=\"40\" maxlength=\"400\" class=\"wpcf7-form-control wpcf7-tel wpcf7-validates-as-required wpcf7-text wpcf7-validates-as-tel\" aria-required=\"true\" aria-invalid=\"false\" placeholder=\"Num\u00e9ro de t\u00e9l\u00e9phone\" value=\"\" type=\"tel\" name=\"your_number\" \/><\/span>\n\t<\/p>\n<\/div>\n<div class=\"term-cont\">\n\t<p><span class=\"wpcf7-form-control-wrap\" data-name=\"term-and-conditions\"><span class=\"wpcf7-form-control wpcf7-acceptance\"><span class=\"wpcf7-list-item\"><label><input type=\"checkbox\" name=\"term-and-conditions\" value=\"1\" class=\"term\" id=\"term\" aria-invalid=\"false\" \/><span class=\"wpcf7-list-item-label\">En vous inscrivant, vous acceptez nos <a target=\"_blank\" href=\"\/files\/regulation\/en\/TPLUS_Affiliate_Program_Agreement.pdf\">Conditions g\u00e9n\u00e9rales du programme d'affiliation<\/a>.<\/span><\/label><\/span><\/span><\/span>\n\t<\/p>\n\t<div>\n\t\t<p><input class=\"wpcf7-form-control wpcf7-submit has-spinner btn btn-color-alt btn-style-default btn-style-semi-round btn-size-large btn-full-width\" type=\"submit\" value=\"Soumettre\" \/>\n\t\t<\/p>\n\t<\/div>\n<\/div><div class=\"wpcf7-response-output\" aria-hidden=\"true\"><\/div>\n<\/form>\n<\/div>\n[\/vc_column][\/vc_row][\/vc_section][vc_row][vc_column][vc_raw_html]PHNjcmlwdCB0eXBlPSJ0ZXh0L2phdmFzY3JpcHQiPmZ1bmN0aW9uIGdlbmVyYXRlUGFzc3dvcmQoKSB7CiAgICAgICAgY29uc3QgdXBwZXJjYXNlQ2hhcnMgPSAnQUJDREVGR0hJSktMTU5PUFFSU1RVVldYWVonOwogICAgICAgIGNvbnN0IGxvd2VyY2FzZUNoYXJzID0gJ2FiY2RlZmdoaWprbG1ub3BxcnN0dXZ3eHl6JzsKICAgICAgICBjb25zdCBudW1iZXJDaGFycyA9ICcwMTIzNDU2Nzg5JzsKICAgICAgICBjb25zdCBzcGVjaWFsQ2hhcnMgPSAnIUAjJCUmJzsKCiAgICAgICAgY29uc3QgYWxsQ2hhcnMgPSB1cHBlcmNhc2VDaGFycyArIGxvd2VyY2FzZUNoYXJzICsgbnVtYmVyQ2hhcnMgKyBzcGVjaWFsQ2hhcnM7CgogICAgICAgIGxldCBwYXNzd29yZCA9ICcnOwoKICAgICAgICAvLyBFbnN1cmUgYXQgbGVhc3Qgb25lIGNoYXJhY3RlciBmcm9tIGVhY2ggY2hhcmFjdGVyIHNldAogICAgICAgIHBhc3N3b3JkICs9IGdldFJhbmRvbUNoYXIodXBwZXJjYXNlQ2hhcnMpOwogICAgICAgIHBhc3N3b3JkICs9IGdldFJhbmRvbUNoYXIobG93ZXJjYXNlQ2hhcnMpOwogICAgICAgIHBhc3N3b3JkICs9IGdldFJhbmRvbUNoYXIobnVtYmVyQ2hhcnMpOwogICAgICAgIHBhc3N3b3JkICs9IGdldFJhbmRvbUNoYXIoc3BlY2lhbENoYXJzKTsKCiAgICAgICAgLy8gRmlsbCB0aGUgcmVzdCBvZiB0aGUgcGFzc3dvcmQgbGVuZ3RoICg4IGNoYXJhY3RlcnMpIHJhbmRvbWx5CiAgICAgICAgZm9yIChsZXQgaSA9IDQ7IGkgPDg7IGkrKykgeyBwYXNzd29yZCArPSBnZXRSYW5kb21DaGFyKGFsbENoYXJzKTsgfSAvLyBTaHVmZmxlIHRoZSBwYXNzd29yZCBjaGFyYWN0ZXJzIGZvciByYW5kb21uZXNzIHBhc3N3b3JkID0gcGFzc3dvcmQuc3BsaXQoJycpLnNvcnQoKCkgPT4gTWF0aC5yYW5kb20oKSAtIDAuNSkuam9pbignJyk7CgogICAgICAgIHJldHVybiBwYXNzd29yZDsKICAgIH0KCiAgICBmdW5jdGlvbiBnZXRSYW5kb21DaGFyKGNoYXJhY3RlcnMpIHsKICAgICAgICBjb25zdCByYW5kb21JbmRleCA9IE1hdGguZmxvb3IoTWF0aC5yYW5kb20oKSAqIGNoYXJhY3RlcnMubGVuZ3RoKTsKICAgICAgICByZXR1cm4gY2hhcmFjdGVycy5jaGFyQXQocmFuZG9tSW5kZXgpOwogICAgfQoKCiAgICBkb2N1bWVudC5hZGRFdmVudExpc3RlbmVyKCd3cGNmN21haWxzZW50JywgZnVuY3Rpb24oZXZlbnQpIHsKICAgICAgICAvLyB2YXIgZm9ybURhdGEgPSBuZXcgRm9ybURhdGEoZG9jdW1lbnQucXVlcnlTZWxlY3RvcignZm9ybScpKTsKICAgICAgICAvLyBzZW5kRm9ybURhdGFUb0FQSShmb3JtRGF0YSk7CiAgICAgICAgc2VuZEZvcm1EYXRhVG9BUEkoKTsKICAgIH0sIGZhbHNlKTsKCiAgICBmdW5jdGlvbiBzZW5kRm9ybURhdGFUb0FQSShmb3JtRGF0YSkgewogICAgICAgIC8vdmFyIGdldFBhc3N3b3JkCiAgICAgICAgdmFyIG5hbWUgPSBkb2N1bWVudC5xdWVyeVNlbGVjdG9yKCdpbnB1dFtuYW1lPSJ5b3VyX25hbWUiXScpLnZhbHVlOwogICAgICAgIHZhciBjbmFtZSA9IGRvY3VtZW50LnF1ZXJ5U2VsZWN0b3IoJ2lucHV0W25hbWU9ImNvbnRhY3RfbmFtZSJdJykudmFsdWU7CiAgICAgICAgdmFyIGVtYWlsID0gZG9jdW1lbnQucXVlcnlTZWxlY3RvcignaW5wdXRbbmFtZT0ieW91cl9lbWFpbCJdJykudmFsdWU7CiAgICAgICAgdmFyIHBob25lID0gZG9jdW1lbnQucXVlcnlTZWxlY3RvcignaW5wdXRbbmFtZT0ieW91cl9udW1iZXIiXScpLnZhbHVlOwoKCgogICAgICAgIGNvbnN0IG15SGVhZGVycyA9IG5ldyBIZWFkZXJzKCk7CiAgICAgICAgbXlIZWFkZXJzLmFwcGVuZCgiQ29udGVudC1UeXBlIiwgImFwcGxpY2F0aW9uL2pzb24iKTsKCiAgICAgICAgY29uc3QgcmF3ID0gSlNPTi5zdHJpbmdpZnkoewogICAgICAgICAgICAibmFtZSI6IG5hbWUsCiAgICAgICAgICAgICJjb250YWN0TmFtZSI6IGNuYW1lLAogICAgICAgICAgICAiZW1haWwiOiBlbWFpbCwKICAgICAgICAgICAgInRlbGVwaG9uZSI6IHBob25lLAogICAgICAgICAgICAvLyAiZXh0ZXJuYWxJZCI6ICJDaGFsbGVuZ2VzIiwKICAgICAgICAgICAgInBhc3N3b3JkIjogZ2VuZXJhdGVQYXNzd29yZCgpLAogICAgICAgICAgICAicGxhdGZvcm0iOiAiSW50ZXJuYWwiLAogICAgICAgICAgICAib3ZlclBhaWQiOiAxMDAsCiAgICAgICAgICAgICJtYXhQYXkiOiAxMDAwLAogICAgICAgICAgICAiZXh0ZXJuYWxSZWZlcnJlcklkIjogIkNoYWxsZW5nZXMiLAogICAgICAgICAgICAiaXNSZWN5Y2xlQWN0aXZlIjogdHJ1ZQogICAgICAgIH0pOwoKICAgICAgICBjb25zdCByZXF1ZXN0T3B0aW9ucyA9IHsKICAgICAgICAgICAgbWV0aG9kOiAiUE9TVCIsCiAgICAgICAgICAgIGhlYWRlcnM6IG15SGVhZGVycywKICAgICAgICAgICAgYm9keTogcmF3LAogICAgICAgICAgICByZWRpcmVjdDogImZvbGxvdyIKICAgICAgICB9OwoKICAgICAgICBmZXRjaCgiaHR0cHM6Ly9hcGkudGFyZ2V0ZWRoaXR6LmNvbS9TaWduYWxzU2VydmVyL2FmZmlsaWF0ZXMvcmVnaXN0ZXIiLCByZXF1ZXN0T3B0aW9ucykKICAgICAgICAgICAgLnRoZW4oKHJlc3BvbnNlKSA9PiByZXNwb25zZS50ZXh0KCkpCiAgICAgICAgICAgIC50aGVuKChyZXN1bHQpID0+IGNvbnNvbGUubG9nKHJlc3VsdCkpCiAgICAgICAgICAgIC5jYXRjaCgoZXJyb3IpID0+IGNvbnNvbGUuZXJyb3IoZXJyb3IpKTsKICAgIH0KPC9zY3JpcHQ+[\/vc_raw_html][\/vc_column][\/vc_row]<\/p>\n<\/div>","protected":false},"excerpt":{"rendered":"<p>[vc_row woodmart_stretch_content=\u00a0\u00bbsection-stretch\u00a0\u00bb css=\u00a0\u00bb.vc_custom_1708533016274{padding-top: 70px !important;padding-bottom: 0px !important;}\u00a0\u00bb woodmart_css_id=\u00a0\u00bb65d6250e02476&Prime; responsive_spacing=\u00a0\u00bbeyJwYXJhbV90eXBlIjoid29vZG1hcnRfcmVzcG9uc2l2ZV9zcGFjaW5nIiwic2VsZWN0b3JfaWQiOiI2NWQ2MjUwZTAyNDc2Iiwic2hvcnRjb2RlIjoidmNfcm93IiwiZGF0YSI6eyJ0YWJsZXQiOnt9LCJtb2JpbGUiOnsicGFkZGluZy1ib3R0b20iOiIyMHB4In19fQ==\u00a0\u00bb mobile_bg_img_hidden=\u00a0\u00bbno\u00a0\u00bb tablet_bg_img_hidden=\u00a0\u00bbno\u00a0\u00bb woodmart_parallax=\u00a0\u00bb0&Prime; woodmart_gradient_switch=\u00a0\u00bbno\u00a0\u00bb woodmart_box_shadow=\u00a0\u00bbno\u00a0\u00bb wd_z_index=\u00a0\u00bbno\u00a0\u00bb woodmart_disable_overflow=\u00a0\u00bb0&Prime; row_reverse_mobile=\u00a0\u00bb0&Prime; row_reverse_tablet=\u00a0\u00bb0&Prime;][vc_column horizontal_alignment=\u00a0\u00bbeyJkZXZpY2VzIjp7ImRlc2t0b3AiOnsidmFsdWUiOiJjZW50ZXIifSwidGFibGV0Ijp7InZhbHVlIjoiIn0sIm1vYmlsZSI6eyJ2YWx1ZSI6IiJ9fX0=\u00a0\u00bb woodmart_css_id=\u00a0\u00bb6581ba8e2bd10&Prime;<\/p>\n","protected":false},"author":8,"featured_media":0,"parent":0,"menu_order":0,"comment_status":"closed","ping_status":"closed","template":"","meta":{"footnotes":""},"class_list":["post-22252","page","type-page","status-publish","hentry"],"_links":{"self":[{"href":"https:\/\/challenges.trade.com\/fr\/wp-json\/wp\/v2\/pages\/22252","targetHints":{"allow":["GET"]}}],"collection":[{"href":"https:\/\/challenges.trade.com\/fr\/wp-json\/wp\/v2\/pages"}],"about":[{"href":"https:\/\/challenges.trade.com\/fr\/wp-json\/wp\/v2\/types\/page"}],"author":[{"embeddable":true,"href":"https:\/\/challenges.trade.com\/fr\/wp-json\/wp\/v2\/users\/8"}],"replies":[{"embeddable":true,"href":"https:\/\/challenges.trade.com\/fr\/wp-json\/wp\/v2\/comments?post=22252"}],"version-history":[{"count":0,"href":"https:\/\/challenges.trade.com\/fr\/wp-json\/wp\/v2\/pages\/22252\/revisions"}],"wp:attachment":[{"href":"https:\/\/challenges.trade.com\/fr\/wp-json\/wp\/v2\/media?parent=22252"}],"curies":[{"name":"wp","href":"https:\/\/api.w.org\/{rel}","templated":true}]}}