{"id":18133,"date":"2024-02-23T12:43:43","date_gmt":"2024-02-23T12:43:43","guid":{"rendered":"https:\/\/challenges.trade.com\/podmioty-stowarzyszone\/"},"modified":"2024-03-13T13:49:49","modified_gmt":"2024-03-13T13:49:49","slug":"affiliates","status":"publish","type":"page","link":"https:\/\/challenges.trade.com\/pl\/affiliates\/","title":{"rendered":"Podmioty stowarzyszone"},"content":{"rendered":"<div class=\"wpb-content-wrapper\"><p>[vc_row woodmart_stretch_content=&#8221;section-stretch&#8221; css=&#8221;.vc_custom_1708533016274{padding-top: 70px !important;padding-bottom: 0px !important;}&#8221; woodmart_css_id=&#8221;65d6250e02476&#8243; responsive_spacing=&#8221;eyJwYXJhbV90eXBlIjoid29vZG1hcnRfcmVzcG9uc2l2ZV9zcGFjaW5nIiwic2VsZWN0b3JfaWQiOiI2NWQ2MjUwZTAyNDc2Iiwic2hvcnRjb2RlIjoidmNfcm93IiwiZGF0YSI6eyJ0YWJsZXQiOnt9LCJtb2JpbGUiOnsicGFkZGluZy1ib3R0b20iOiIyMHB4In19fQ==&#8221; mobile_bg_img_hidden=&#8221;no&#8221; tablet_bg_img_hidden=&#8221;no&#8221; woodmart_parallax=&#8221;0&#8243; woodmart_gradient_switch=&#8221;no&#8221; woodmart_box_shadow=&#8221;no&#8221; wd_z_index=&#8221;no&#8221; woodmart_disable_overflow=&#8221;0&#8243; row_reverse_mobile=&#8221;0&#8243; row_reverse_tablet=&#8221;0&#8243;][vc_column horizontal_alignment=&#8221;eyJkZXZpY2VzIjp7ImRlc2t0b3AiOnsidmFsdWUiOiJjZW50ZXIifSwidGFibGV0Ijp7InZhbHVlIjoiIn0sIm1vYmlsZSI6eyJ2YWx1ZSI6IiJ9fX0=&#8221; woodmart_css_id=&#8221;6581ba8e2bd10&#8243; parallax_scroll=&#8221;no&#8221; woodmart_sticky_column=&#8221;false&#8221; wd_collapsible_content_switcher=&#8221;no&#8221; wd_column_role_offcanvas_desktop=&#8221;no&#8221; wd_column_role_offcanvas_tablet=&#8221;no&#8221; wd_column_role_offcanvas_mobile=&#8221;no&#8221; wd_column_role_content_desktop=&#8221;no&#8221; wd_column_role_content_tablet=&#8221;no&#8221; wd_column_role_content_mobile=&#8221;no&#8221; mobile_bg_img_hidden=&#8221;no&#8221; tablet_bg_img_hidden=&#8221;no&#8221; woodmart_parallax=&#8221;0&#8243; woodmart_box_shadow=&#8221;no&#8221; responsive_spacing=&#8221;eyJwYXJhbV90eXBlIjoid29vZG1hcnRfcmVzcG9uc2l2ZV9zcGFjaW5nIiwic2VsZWN0b3JfaWQiOiI2NTgxYmE4ZTJiZDEwIiwic2hvcnRjb2RlIjoidmNfY29sdW1uIiwiZGF0YSI6eyJ0YWJsZXQiOnt9LCJtb2JpbGUiOnt9fX0=&#8221; mobile_reset_margin=&#8221;no&#8221; tablet_reset_margin=&#8221;no&#8221; wd_z_index=&#8221;no&#8221;]\t\t\t<link rel=\"stylesheet\" id=\"wd-section-title-css\" href=\"https:\/\/challenges.trade.com\/wp-content\/themes\/woodmart\/css\/parts\/el-section-title.min.css?ver=7.5.2\" type=\"text\/css\" media=\"all\" \/> \t\t\t\n\t\t<div id=\"wd-65df10e351747\" class=\"title-wrapper wd-wpb set-mb-s reset-last-child  wd-rs-65df10e351747 wd-title-color-default wd-title-style-default text-center info-box txt-center-mob txt-green vc_custom_1709117674406 wd-width-enabled\" style=\"--wd-max-width: 50%;\">\n\t\t\t\n\t\t\t<div class=\"liner-continer\">\n\t\t\t\t<h2 class=\"woodmart-title-container title  wd-font-weight- wd-fontsize-xxxl\" ><i>Program partnerski<\/i><br \/>\nOdblokuj potencja\u0142 zarobkowy<\/h2>\n\t\t\t\t\t\t\t<\/div>\n\t\t\t\n\t\t\t\t\t\t\t<div class=\"title-after_title  set-cont-mb-s reset-last-child  wd-fontsize-s\">Wzmocnij swoj\u0105 publiczno\u015b\u0107 dzi\u0119ki najnowocze\u015bniejszemu handlowi rekwizytami. Wsp\u00f3\u0142pracuj z nami jako partner i przekszta\u0142\u0107 swoj\u0105 sie\u0107 w lukratywn\u0105 okazj\u0119 do rozwoju finansowego.<\/div>\n\t\t\t\n\t\t\t\n\t\t<\/div>\n\t\t\n\t\t\t\t<div id=\"wd-65d75df013224\" class=\"wd-image wd-wpb wd-rs-65d75df013224 hidden-lg hidden-md hidden-sm hidden-xs text-center \">\n\t\t\t\t\t\t\t<a href=\"#\" >\n\t\t\t\n\t\t\t<img loading=\"lazy\" decoding=\"async\"  src=\"https:\/\/challenges.trade.com\/wp-content\/uploads\/2024\/01\/WhatsApp.svg\" title=\"WhatsApp\" width=\"157\" height=\"70\">\n\t\t\t\t\t\t\t<\/a>\n\t\t\t\t\t<\/div>\n\t\t[\/vc_column][\/vc_row][vc_section css=&#8221;.vc_custom_1703154306458{padding-top: 50px !important;padding-bottom: 100px !important;}&#8221; woodmart_css_id=&#8221;6584127bd09d5&#8243; responsive_spacing=&#8221;eyJwYXJhbV90eXBlIjoid29vZG1hcnRfcmVzcG9uc2l2ZV9zcGFjaW5nIiwic2VsZWN0b3JfaWQiOiI2NTg0MTI3YmQwOWQ1Iiwic2hvcnRjb2RlIjoidmNfc2VjdGlvbiIsImRhdGEiOnsidGFibGV0Ijp7InBhZGRpbmctdG9wIjoiMjAifSwibW9iaWxlIjp7fX19&#8243; mobile_bg_img_hidden=&#8221;no&#8221; tablet_bg_img_hidden=&#8221;no&#8221; woodmart_parallax=&#8221;0&#8243; woodmart_gradient_switch=&#8221;no&#8221; woodmart_box_shadow=&#8221;no&#8221; wd_z_index=&#8221;no&#8221; woodmart_disable_overflow=&#8221;0&#8243;][vc_row equal_height=&#8221;yes&#8221; woodmart_css_id=&#8221;658549ff99933&#8243; responsive_spacing=&#8221;eyJwYXJhbV90eXBlIjoid29vZG1hcnRfcmVzcG9uc2l2ZV9zcGFjaW5nIiwic2VsZWN0b3JfaWQiOiI2NTg1NDlmZjk5OTMzIiwic2hvcnRjb2RlIjoidmNfcm93IiwiZGF0YSI6eyJ0YWJsZXQiOnt9LCJtb2JpbGUiOnsibWFyZ2luLXJpZ2h0IjoiMHB4IiwibWFyZ2luLWxlZnQiOiIwcHgifX19&#8243; mobile_bg_img_hidden=&#8221;no&#8221; tablet_bg_img_hidden=&#8221;no&#8221; woodmart_parallax=&#8221;0&#8243; woodmart_gradient_switch=&#8221;no&#8221; woodmart_box_shadow=&#8221;no&#8221; wd_z_index=&#8221;no&#8221; woodmart_disable_overflow=&#8221;0&#8243; row_reverse_mobile=&#8221;0&#8243; row_reverse_tablet=&#8221;0&#8243; css=&#8221;.vc_custom_1703234078473{margin-right: 9% !important;margin-left: 9% !important;padding-right: 15px !important;padding-left: 15px !important;border-radius: 5px !important;}&#8221;][vc_column width=&#8221;5\/12&#8243; offset=&#8221;vc_col-sm-offset-1 vc_hidden-sm vc_hidden-xs&#8221; woodmart_css_id=&#8221;65d6259644532&#8243; parallax_scroll=&#8221;no&#8221; woodmart_sticky_column=&#8221;false&#8221; wd_collapsible_content_switcher=&#8221;no&#8221; wd_column_role_offcanvas_desktop=&#8221;no&#8221; wd_column_role_offcanvas_tablet=&#8221;no&#8221; wd_column_role_offcanvas_mobile=&#8221;no&#8221; wd_column_role_content_desktop=&#8221;no&#8221; wd_column_role_content_tablet=&#8221;no&#8221; wd_column_role_content_mobile=&#8221;no&#8221; mobile_bg_img_hidden=&#8221;no&#8221; tablet_bg_img_hidden=&#8221;no&#8221; woodmart_parallax=&#8221;0&#8243; woodmart_box_shadow=&#8221;no&#8221; responsive_spacing=&#8221;eyJwYXJhbV90eXBlIjoid29vZG1hcnRfcmVzcG9uc2l2ZV9zcGFjaW5nIiwic2VsZWN0b3JfaWQiOiI2NWQ2MjU5NjQ0NTMyIiwic2hvcnRjb2RlIjoidmNfY29sdW1uIiwiZGF0YSI6eyJ0YWJsZXQiOnt9LCJtb2JpbGUiOnt9fX0=&#8221; mobile_reset_margin=&#8221;no&#8221; tablet_reset_margin=&#8221;no&#8221; wd_z_index=&#8221;no&#8221; css=&#8221;.vc_custom_1708533186123{margin-right: -5px !important;margin-bottom: 0px !important;padding-bottom: 0px !important;background-color: #ffffff !important;border-radius: 5px !important;}&#8221;]\t\t<div id=\"wd-65d8b1c68ff0a\" class=\"wd-image wd-wpb wd-rs-65d8b1c68ff0a text-left vc_custom_1708700178270\">\n\t\t\t\n\t\t\t<img loading=\"lazy\" decoding=\"async\" width=\"424\" height=\"390\" src=\"https:\/\/challenges.trade.com\/wp-content\/uploads\/2024\/02\/Mask-group.png\" class=\"attachment-full size-full\" alt=\"\" srcset=\"https:\/\/challenges.trade.com\/wp-content\/uploads\/2024\/02\/Mask-group.png 424w, https:\/\/challenges.trade.com\/wp-content\/uploads\/2024\/02\/Mask-group-326x300.png 326w\" sizes=\"auto, (max-width: 424px) 100vw, 424px\" \/>\n\t\t\t\t\t<\/div>\n\t\t[\/vc_column][vc_column width=&#8221;2\/3&#8243; offset=&#8221;vc_col-md-offset-0 vc_col-md-5 vc_col-sm-offset-2 vc_col-xs-12&#8243; woodmart_css_id=&#8221;65d625308e23a&#8221; parallax_scroll=&#8221;no&#8221; woodmart_sticky_column=&#8221;false&#8221; wd_collapsible_content_switcher=&#8221;no&#8221; wd_column_role_offcanvas_desktop=&#8221;no&#8221; wd_column_role_offcanvas_tablet=&#8221;no&#8221; wd_column_role_offcanvas_mobile=&#8221;no&#8221; wd_column_role_content_desktop=&#8221;no&#8221; wd_column_role_content_tablet=&#8221;no&#8221; wd_column_role_content_mobile=&#8221;no&#8221; mobile_bg_img_hidden=&#8221;no&#8221; tablet_bg_img_hidden=&#8221;no&#8221; woodmart_parallax=&#8221;0&#8243; woodmart_box_shadow=&#8221;no&#8221; responsive_spacing=&#8221;eyJwYXJhbV90eXBlIjoid29vZG1hcnRfcmVzcG9uc2l2ZV9zcGFjaW5nIiwic2VsZWN0b3JfaWQiOiI2NWQ2MjUzMDhlMjNhIiwic2hvcnRjb2RlIjoidmNfY29sdW1uIiwiZGF0YSI6eyJ0YWJsZXQiOnsibWFyZ2luLXJpZ2h0IjoiMHB4IiwibWFyZ2luLWxlZnQiOiIwcHgiLCJwYWRkaW5nLXJpZ2h0IjoiNDBweCIsInBhZGRpbmctbGVmdCI6IjQwcHgifSwibW9iaWxlIjp7Im1hcmdpbi1sZWZ0IjoiMHB4IiwicGFkZGluZy1yaWdodCI6IjIwcHgiLCJwYWRkaW5nLWxlZnQiOiIyMHB4In19fQ==&#8221; mobile_reset_margin=&#8221;no&#8221; tablet_reset_margin=&#8221;no&#8221; wd_z_index=&#8221;no&#8221; css=&#8221;.vc_custom_1708533105504{padding-top: 20px !important;padding-right: 40px !important;padding-bottom: 15px !important;padding-left: 0px !important;background-color: #ffffff !important;border-radius: 5px !important;}&#8221;]\t\t\t<link rel=\"stylesheet\" id=\"wd-mod-highlighted-text-css\" href=\"https:\/\/challenges.trade.com\/wp-content\/themes\/woodmart\/css\/parts\/mod-highlighted-text.min.css?ver=7.5.2\" type=\"text\/css\" media=\"all\" \/> \t\t\t\n\t\t<div id=\"wd-65d89ea25e151\" class=\"title-wrapper wd-wpb set-mb-s reset-last-child  wd-rs-65d89ea25e151 wd-title-color-default wd-title-style-default text-left info-box txt-center-mob txt-green vc_custom_1708695361304 wd-underline-colored\">\n\t\t\t\n\t\t\t<div class=\"liner-continer\">\n\t\t\t\t<h4 class=\"woodmart-title-container title  wd-font-weight-700 wd-fontsize-xxxl\" >Porozmawiajmy<\/h4>\n\t\t\t\t\t\t\t<\/div>\n\t\t\t\n\t\t\t\t\t\t\t<div class=\"title-after_title  set-cont-mb-s reset-last-child  wd-fontsize-s\">Czy ta mo\u017cliwo\u015b\u0107 Ci\u0119 interesuje? Wype\u0142nij poni\u017cszy formularz, a my skontaktujemy si\u0119 z Tob\u0105 i przeka\u017cemy wi\u0119cej szczeg\u00f3\u0142\u00f3w.<\/div>\n\t\t\t\n\t\t\t\n\t\t<\/div>\n\t\t\n\t\t\n<div class=\"wpcf7 no-js\" id=\"wpcf7-f18155-o1\" lang=\"pl-PL\" dir=\"ltr\" data-wpcf7-id=\"18155\">\n<div class=\"screen-reader-response\"><p role=\"status\" aria-live=\"polite\" aria-atomic=\"true\"><\/p> <ul><\/ul><\/div>\n<form action=\"\/pl\/wp-json\/wp\/v2\/pages\/18133#wpcf7-f18155-o1\" method=\"post\" class=\"wpcf7-form init\" aria-label=\"Formularz kontaktowy\" novalidate=\"novalidate\" data-status=\"init\">\n<fieldset class=\"hidden-fields-container\"><input type=\"hidden\" name=\"_wpcf7\" value=\"18155\" \/><input type=\"hidden\" name=\"_wpcf7_version\" value=\"6.1.4\" \/><input type=\"hidden\" name=\"_wpcf7_locale\" value=\"pl_PL\" \/><input type=\"hidden\" name=\"_wpcf7_unit_tag\" value=\"wpcf7-f18155-o1\" \/><input type=\"hidden\" name=\"_wpcf7_container_post\" value=\"0\" \/><input type=\"hidden\" name=\"_wpcf7_posted_data_hash\" value=\"\" \/>\n<\/fieldset>\n<div>\n\t<p><span class=\"wpcf7-form-control-wrap\" data-name=\"your_name\"><input size=\"40\" maxlength=\"400\" class=\"wpcf7-form-control wpcf7-text wpcf7-validates-as-required\" autocomplete=\"name\" aria-required=\"true\" aria-invalid=\"false\" placeholder=\"Imi\u0119 i nazwisko\" value=\"\" type=\"text\" name=\"your_name\" \/><\/span>\n\t<\/p>\n<\/div>\n<div>\n\t<p><span class=\"wpcf7-form-control-wrap\" data-name=\"contact_name\"><input size=\"40\" maxlength=\"400\" class=\"wpcf7-form-control wpcf7-text wpcf7-validates-as-required\" autocomplete=\"contactname\" aria-required=\"true\" aria-invalid=\"false\" placeholder=\"Nazwa kontaktu\" value=\"\" type=\"text\" name=\"contact_name\" \/><\/span>\n\t<\/p>\n<\/div>\n<div>\n\t<p><span class=\"wpcf7-form-control-wrap\" data-name=\"your_email\"><input size=\"40\" maxlength=\"400\" class=\"wpcf7-form-control wpcf7-email wpcf7-validates-as-required wpcf7-text wpcf7-validates-as-email\" autocomplete=\"email\" aria-required=\"true\" aria-invalid=\"false\" placeholder=\"E-mail\" value=\"\" type=\"email\" name=\"your_email\" \/><\/span>\n\t<\/p>\n<\/div>\n<div>\n\t<p><span class=\"wpcf7-form-control-wrap\" data-name=\"your_number\"><input size=\"40\" maxlength=\"400\" class=\"wpcf7-form-control wpcf7-tel wpcf7-validates-as-required wpcf7-text wpcf7-validates-as-tel\" aria-required=\"true\" aria-invalid=\"false\" placeholder=\"Numer telefonu\" value=\"\" type=\"tel\" name=\"your_number\" \/><\/span>\n\t<\/p>\n<\/div>\n<div class=\"term-cont\">\n\t<p><span class=\"wpcf7-form-control-wrap\" data-name=\"term-and-conditions\"><span class=\"wpcf7-form-control wpcf7-acceptance\"><span class=\"wpcf7-list-item\"><label><input type=\"checkbox\" name=\"term-and-conditions\" value=\"1\" class=\"term\" id=\"term\" aria-invalid=\"false\" \/><span class=\"wpcf7-list-item-label\">Rejestruj\u0105c si\u0119, zgadzasz si\u0119 na nasze <a target=\"_blank\" href=\"\/files\/regulation\/en\/TPLUS_Affiliate_Program_Agreement.pdf\">Warunki programu partnerskiego<\/a>.<\/span><\/label><\/span><\/span><\/span>\n\t<\/p>\n\t<div>\n\t\t<p><input class=\"wpcf7-form-control wpcf7-submit has-spinner btn btn-color-alt btn-style-default btn-style-semi-round btn-size-large btn-full-width\" type=\"submit\" value=\"Prze\u015blij\" \/>\n\t\t<\/p>\n\t<\/div>\n<\/div><div class=\"wpcf7-response-output\" aria-hidden=\"true\"><\/div>\n<\/form>\n<\/div>\n[\/vc_column][\/vc_row][\/vc_section][vc_row][vc_column][vc_raw_html]PHNjcmlwdCB0eXBlPSJ0ZXh0L2phdmFzY3JpcHQiPmZ1bmN0aW9uIGdlbmVyYXRlUGFzc3dvcmQoKSB7CiAgICAgICAgY29uc3QgdXBwZXJjYXNlQ2hhcnMgPSAnQUJDREVGR0hJSktMTU5PUFFSU1RVVldYWVonOwogICAgICAgIGNvbnN0IGxvd2VyY2FzZUNoYXJzID0gJ2FiY2RlZmdoaWprbG1ub3BxcnN0dXZ3eHl6JzsKICAgICAgICBjb25zdCBudW1iZXJDaGFycyA9ICcwMTIzNDU2Nzg5JzsKICAgICAgICBjb25zdCBzcGVjaWFsQ2hhcnMgPSAnIUAjJCUmJzsKCiAgICAgICAgY29uc3QgYWxsQ2hhcnMgPSB1cHBlcmNhc2VDaGFycyArIGxvd2VyY2FzZUNoYXJzICsgbnVtYmVyQ2hhcnMgKyBzcGVjaWFsQ2hhcnM7CgogICAgICAgIGxldCBwYXNzd29yZCA9ICcnOwoKICAgICAgICAvLyBFbnN1cmUgYXQgbGVhc3Qgb25lIGNoYXJhY3RlciBmcm9tIGVhY2ggY2hhcmFjdGVyIHNldAogICAgICAgIHBhc3N3b3JkICs9IGdldFJhbmRvbUNoYXIodXBwZXJjYXNlQ2hhcnMpOwogICAgICAgIHBhc3N3b3JkICs9IGdldFJhbmRvbUNoYXIobG93ZXJjYXNlQ2hhcnMpOwogICAgICAgIHBhc3N3b3JkICs9IGdldFJhbmRvbUNoYXIobnVtYmVyQ2hhcnMpOwogICAgICAgIHBhc3N3b3JkICs9IGdldFJhbmRvbUNoYXIoc3BlY2lhbENoYXJzKTsKCiAgICAgICAgLy8gRmlsbCB0aGUgcmVzdCBvZiB0aGUgcGFzc3dvcmQgbGVuZ3RoICg4IGNoYXJhY3RlcnMpIHJhbmRvbWx5CiAgICAgICAgZm9yIChsZXQgaSA9IDQ7IGkgPDg7IGkrKykgeyBwYXNzd29yZCArPSBnZXRSYW5kb21DaGFyKGFsbENoYXJzKTsgfSAvLyBTaHVmZmxlIHRoZSBwYXNzd29yZCBjaGFyYWN0ZXJzIGZvciByYW5kb21uZXNzIHBhc3N3b3JkID0gcGFzc3dvcmQuc3BsaXQoJycpLnNvcnQoKCkgPT4gTWF0aC5yYW5kb20oKSAtIDAuNSkuam9pbignJyk7CgogICAgICAgIHJldHVybiBwYXNzd29yZDsKICAgIH0KCiAgICBmdW5jdGlvbiBnZXRSYW5kb21DaGFyKGNoYXJhY3RlcnMpIHsKICAgICAgICBjb25zdCByYW5kb21JbmRleCA9IE1hdGguZmxvb3IoTWF0aC5yYW5kb20oKSAqIGNoYXJhY3RlcnMubGVuZ3RoKTsKICAgICAgICByZXR1cm4gY2hhcmFjdGVycy5jaGFyQXQocmFuZG9tSW5kZXgpOwogICAgfQoKCiAgICBkb2N1bWVudC5hZGRFdmVudExpc3RlbmVyKCd3cGNmN21haWxzZW50JywgZnVuY3Rpb24oZXZlbnQpIHsKICAgICAgICAvLyB2YXIgZm9ybURhdGEgPSBuZXcgRm9ybURhdGEoZG9jdW1lbnQucXVlcnlTZWxlY3RvcignZm9ybScpKTsKICAgICAgICAvLyBzZW5kRm9ybURhdGFUb0FQSShmb3JtRGF0YSk7CiAgICAgICAgc2VuZEZvcm1EYXRhVG9BUEkoKTsKICAgIH0sIGZhbHNlKTsKCiAgICBmdW5jdGlvbiBzZW5kRm9ybURhdGFUb0FQSShmb3JtRGF0YSkgewogICAgICAgIC8vdmFyIGdldFBhc3N3b3JkCiAgICAgICAgdmFyIG5hbWUgPSBkb2N1bWVudC5xdWVyeVNlbGVjdG9yKCdpbnB1dFtuYW1lPSJ5b3VyX25hbWUiXScpLnZhbHVlOwogICAgICAgIHZhciBjbmFtZSA9IGRvY3VtZW50LnF1ZXJ5U2VsZWN0b3IoJ2lucHV0W25hbWU9ImNvbnRhY3RfbmFtZSJdJykudmFsdWU7CiAgICAgICAgdmFyIGVtYWlsID0gZG9jdW1lbnQucXVlcnlTZWxlY3RvcignaW5wdXRbbmFtZT0ieW91cl9lbWFpbCJdJykudmFsdWU7CiAgICAgICAgdmFyIHBob25lID0gZG9jdW1lbnQucXVlcnlTZWxlY3RvcignaW5wdXRbbmFtZT0ieW91cl9udW1iZXIiXScpLnZhbHVlOwoKCgogICAgICAgIGNvbnN0IG15SGVhZGVycyA9IG5ldyBIZWFkZXJzKCk7CiAgICAgICAgbXlIZWFkZXJzLmFwcGVuZCgiQ29udGVudC1UeXBlIiwgImFwcGxpY2F0aW9uL2pzb24iKTsKCiAgICAgICAgY29uc3QgcmF3ID0gSlNPTi5zdHJpbmdpZnkoewogICAgICAgICAgICAibmFtZSI6IG5hbWUsCiAgICAgICAgICAgICJjb250YWN0TmFtZSI6IGNuYW1lLAogICAgICAgICAgICAiZW1haWwiOiBlbWFpbCwKICAgICAgICAgICAgInRlbGVwaG9uZSI6IHBob25lLAogICAgICAgICAgICAvLyAiZXh0ZXJuYWxJZCI6ICJDaGFsbGVuZ2VzIiwKICAgICAgICAgICAgInBhc3N3b3JkIjogZ2VuZXJhdGVQYXNzd29yZCgpLAogICAgICAgICAgICAicGxhdGZvcm0iOiAiSW50ZXJuYWwiLAogICAgICAgICAgICAib3ZlclBhaWQiOiAxMDAsCiAgICAgICAgICAgICJtYXhQYXkiOiAxMDAwLAogICAgICAgICAgICAiZXh0ZXJuYWxSZWZlcnJlcklkIjogIkNoYWxsZW5nZXMiLAogICAgICAgICAgICAiaXNSZWN5Y2xlQWN0aXZlIjogdHJ1ZQogICAgICAgIH0pOwoKICAgICAgICBjb25zdCByZXF1ZXN0T3B0aW9ucyA9IHsKICAgICAgICAgICAgbWV0aG9kOiAiUE9TVCIsCiAgICAgICAgICAgIGhlYWRlcnM6IG15SGVhZGVycywKICAgICAgICAgICAgYm9keTogcmF3LAogICAgICAgICAgICByZWRpcmVjdDogImZvbGxvdyIKICAgICAgICB9OwoKICAgICAgICBmZXRjaCgiaHR0cHM6Ly9hcGkudGFyZ2V0ZWRoaXR6LmNvbS9TaWduYWxzU2VydmVyL2FmZmlsaWF0ZXMvcmVnaXN0ZXIiLCByZXF1ZXN0T3B0aW9ucykKICAgICAgICAgICAgLnRoZW4oKHJlc3BvbnNlKSA9PiByZXNwb25zZS50ZXh0KCkpCiAgICAgICAgICAgIC50aGVuKChyZXN1bHQpID0+IGNvbnNvbGUubG9nKHJlc3VsdCkpCiAgICAgICAgICAgIC5jYXRjaCgoZXJyb3IpID0+IGNvbnNvbGUuZXJyb3IoZXJyb3IpKTsKICAgIH0KPC9zY3JpcHQ+[\/vc_raw_html][\/vc_column][\/vc_row]<\/p>\n<\/div>","protected":false},"excerpt":{"rendered":"<p>[vc_row woodmart_stretch_content=&#8221;section-stretch&#8221; css=&#8221;.vc_custom_1708533016274{padding-top: 70px !important;padding-bottom: 0px !important;}&#8221; woodmart_css_id=&#8221;65d6250e02476&#8243; responsive_spacing=&#8221;eyJwYXJhbV90eXBlIjoid29vZG1hcnRfcmVzcG9uc2l2ZV9zcGFjaW5nIiwic2VsZWN0b3JfaWQiOiI2NWQ2MjUwZTAyNDc2Iiwic2hvcnRjb2RlIjoidmNfcm93IiwiZGF0YSI6eyJ0YWJsZXQiOnt9LCJtb2JpbGUiOnsicGFkZGluZy1ib3R0b20iOiIyMHB4In19fQ==&#8221; mobile_bg_img_hidden=&#8221;no&#8221; tablet_bg_img_hidden=&#8221;no&#8221; woodmart_parallax=&#8221;0&#8243; woodmart_gradient_switch=&#8221;no&#8221; woodmart_box_shadow=&#8221;no&#8221; wd_z_index=&#8221;no&#8221; woodmart_disable_overflow=&#8221;0&#8243; row_reverse_mobile=&#8221;0&#8243; row_reverse_tablet=&#8221;0&#8243;][vc_column horizontal_alignment=&#8221;eyJkZXZpY2VzIjp7ImRlc2t0b3AiOnsidmFsdWUiOiJjZW50ZXIifSwidGFibGV0Ijp7InZhbHVlIjoiIn0sIm1vYmlsZSI6eyJ2YWx1ZSI6IiJ9fX0=&#8221; woodmart_css_id=&#8221;6581ba8e2bd10&#8243;<\/p>\n","protected":false},"author":8,"featured_media":0,"parent":0,"menu_order":0,"comment_status":"closed","ping_status":"closed","template":"","meta":{"footnotes":""},"class_list":["post-18133","page","type-page","status-publish","hentry"],"_links":{"self":[{"href":"https:\/\/challenges.trade.com\/pl\/wp-json\/wp\/v2\/pages\/18133","targetHints":{"allow":["GET"]}}],"collection":[{"href":"https:\/\/challenges.trade.com\/pl\/wp-json\/wp\/v2\/pages"}],"about":[{"href":"https:\/\/challenges.trade.com\/pl\/wp-json\/wp\/v2\/types\/page"}],"author":[{"embeddable":true,"href":"https:\/\/challenges.trade.com\/pl\/wp-json\/wp\/v2\/users\/8"}],"replies":[{"embeddable":true,"href":"https:\/\/challenges.trade.com\/pl\/wp-json\/wp\/v2\/comments?post=18133"}],"version-history":[{"count":0,"href":"https:\/\/challenges.trade.com\/pl\/wp-json\/wp\/v2\/pages\/18133\/revisions"}],"wp:attachment":[{"href":"https:\/\/challenges.trade.com\/pl\/wp-json\/wp\/v2\/media?parent=18133"}],"curies":[{"name":"wp","href":"https:\/\/api.w.org\/{rel}","templated":true}]}}